{"id":74013,"date":"2017-09-12T15:35:16","date_gmt":"2017-09-12T13:35:16","guid":{"rendered":"https:\/\/www.unbeaujour.fr\/?page_id=74013"},"modified":"2021-02-15T16:14:00","modified_gmt":"2021-02-15T15:14:00","slug":"creatrice-de-robes-de-mariee-partager-une-nouvelle-collection","status":"publish","type":"page","link":"https:\/\/www.unbeaujour.fr\/en\/creatrice-de-robes-de-mariee-partager-une-nouvelle-collection\/","title":{"rendered":"(Fran\u00e7ais) Partager une nouvelle collection : cr\u00e9atrice de robes de mari\u00e9e"},"content":{"rendered":"<p class=\"qtranxs-available-languages-message qtranxs-available-languages-message-en\">Sorry, this entry is only available in <a href=\"https:\/\/www.unbeaujour.fr\/fr\/wp-json\/wp\/v2\/pages\/74013\" class=\"qtranxs-available-language-link qtranxs-available-language-link-fr\" title=\"Fran\u00e7ais\">French<\/a>.<\/p>","protected":false},"excerpt":{"rendered":"<p>Sorry, this entry is only available in French.<\/p>\n","protected":false},"author":2,"featured_media":0,"parent":0,"menu_order":0,"comment_status":"closed","ping_status":"closed","template":"","meta":[],"_links":{"self":[{"href":"https:\/\/www.unbeaujour.fr\/en\/wp-json\/wp\/v2\/pages\/74013"}],"collection":[{"href":"https:\/\/www.unbeaujour.fr\/en\/wp-json\/wp\/v2\/pages"}],"about":[{"href":"https:\/\/www.unbeaujour.fr\/en\/wp-json\/wp\/v2\/types\/page"}],"author":[{"embeddable":true,"href":"https:\/\/www.unbeaujour.fr\/en\/wp-json\/wp\/v2\/users\/2"}],"replies":[{"embeddable":true,"href":"https:\/\/www.unbeaujour.fr\/en\/wp-json\/wp\/v2\/comments?post=74013"}],"version-history":[{"count":19,"href":"https:\/\/www.unbeaujour.fr\/en\/wp-json\/wp\/v2\/pages\/74013\/revisions"}],"predecessor-version":[{"id":120210,"href":"https:\/\/www.unbeaujour.fr\/en\/wp-json\/wp\/v2\/pages\/74013\/revisions\/120210"}],"wp:attachment":[{"href":"https:\/\/www.unbeaujour.fr\/en\/wp-json\/wp\/v2\/media?parent=74013"}],"curies":[{"name":"wp","href":"https:\/\/api.w.org\/{rel}","templated":true}]}}