{"id":6477,"date":"2012-02-22T20:16:16","date_gmt":"2012-02-22T18:16:16","guid":{"rendered":"https:\/\/www.unbeaujour.fr\/?page_id=6477"},"modified":"2021-04-23T14:30:23","modified_gmt":"2021-04-23T13:30:23","slug":"les-billets-finances-par-mecenat","status":"publish","type":"page","link":"https:\/\/www.unbeaujour.fr\/en\/les-billets-finances-par-mecenat\/","title":{"rendered":"(Fran\u00e7ais) Les billets financ\u00e9s par m\u00e9c\u00e9nat"},"content":{"rendered":"<p class=\"qtranxs-available-languages-message qtranxs-available-languages-message-en\">Sorry, this entry is only available in <a href=\"https:\/\/www.unbeaujour.fr\/fr\/wp-json\/wp\/v2\/pages\/6477\" class=\"qtranxs-available-language-link qtranxs-available-language-link-fr\" title=\"Fran\u00e7ais\">French<\/a>.<\/p>","protected":false},"excerpt":{"rendered":"<p>Sorry, this entry is only available in French.<\/p>\n","protected":false},"author":5112,"featured_media":6482,"parent":0,"menu_order":0,"comment_status":"open","ping_status":"open","template":"","meta":[],"_links":{"self":[{"href":"https:\/\/www.unbeaujour.fr\/en\/wp-json\/wp\/v2\/pages\/6477"}],"collection":[{"href":"https:\/\/www.unbeaujour.fr\/en\/wp-json\/wp\/v2\/pages"}],"about":[{"href":"https:\/\/www.unbeaujour.fr\/en\/wp-json\/wp\/v2\/types\/page"}],"author":[{"embeddable":true,"href":"https:\/\/www.unbeaujour.fr\/en\/wp-json\/wp\/v2\/users\/5112"}],"replies":[{"embeddable":true,"href":"https:\/\/www.unbeaujour.fr\/en\/wp-json\/wp\/v2\/comments?post=6477"}],"version-history":[{"count":15,"href":"https:\/\/www.unbeaujour.fr\/en\/wp-json\/wp\/v2\/pages\/6477\/revisions"}],"predecessor-version":[{"id":122397,"href":"https:\/\/www.unbeaujour.fr\/en\/wp-json\/wp\/v2\/pages\/6477\/revisions\/122397"}],"wp:featuredmedia":[{"embeddable":true,"href":"https:\/\/www.unbeaujour.fr\/en\/wp-json\/wp\/v2\/media\/6482"}],"wp:attachment":[{"href":"https:\/\/www.unbeaujour.fr\/en\/wp-json\/wp\/v2\/media?parent=6477"}],"curies":[{"name":"wp","href":"https:\/\/api.w.org\/{rel}","templated":true}]}}