{"id":25968,"date":"2014-02-26T16:24:27","date_gmt":"2014-02-26T15:24:27","guid":{"rendered":"https:\/\/www.unbeaujour.fr\/?page_id=25968"},"modified":"2023-11-06T18:57:07","modified_gmt":"2023-11-06T16:57:07","slug":"cgv","status":"publish","type":"page","link":"https:\/\/www.unbeaujour.fr\/en\/cgv\/","title":{"rendered":"(Fran\u00e7ais) Conditions G\u00e9n\u00e9rales de Vente"},"content":{"rendered":"<p class=\"qtranxs-available-languages-message qtranxs-available-languages-message-en\">Sorry, this entry is only available in <a href=\"https:\/\/www.unbeaujour.fr\/fr\/wp-json\/wp\/v2\/pages\/25968\" class=\"qtranxs-available-language-link qtranxs-available-language-link-fr\" title=\"Fran\u00e7ais\">French<\/a>.<\/p>","protected":false},"excerpt":{"rendered":"<p>Sorry, this entry is only available in French.<\/p>\n","protected":false},"author":2,"featured_media":0,"parent":0,"menu_order":0,"comment_status":"open","ping_status":"open","template":"","meta":[],"_links":{"self":[{"href":"https:\/\/www.unbeaujour.fr\/en\/wp-json\/wp\/v2\/pages\/25968"}],"collection":[{"href":"https:\/\/www.unbeaujour.fr\/en\/wp-json\/wp\/v2\/pages"}],"about":[{"href":"https:\/\/www.unbeaujour.fr\/en\/wp-json\/wp\/v2\/types\/page"}],"author":[{"embeddable":true,"href":"https:\/\/www.unbeaujour.fr\/en\/wp-json\/wp\/v2\/users\/2"}],"replies":[{"embeddable":true,"href":"https:\/\/www.unbeaujour.fr\/en\/wp-json\/wp\/v2\/comments?post=25968"}],"version-history":[{"count":12,"href":"https:\/\/www.unbeaujour.fr\/en\/wp-json\/wp\/v2\/pages\/25968\/revisions"}],"predecessor-version":[{"id":134015,"href":"https:\/\/www.unbeaujour.fr\/en\/wp-json\/wp\/v2\/pages\/25968\/revisions\/134015"}],"wp:attachment":[{"href":"https:\/\/www.unbeaujour.fr\/en\/wp-json\/wp\/v2\/media?parent=25968"}],"curies":[{"name":"wp","href":"https:\/\/api.w.org\/{rel}","templated":true}]}}